{"id":14869,"date":"2014-05-20T07:51:11","date_gmt":"2014-05-20T07:51:11","guid":{"rendered":"http:\/\/demo.qodeinteractive.com\/bridge81\/?page_id=14869"},"modified":"2018-04-23T23:36:07","modified_gmt":"2018-04-23T23:36:07","slug":"home","status":"publish","type":"page","link":"https:\/\/copydanweb.com\/","title":{"rendered":"Home"},"content":{"rendered":"<p>[vc_row css_animation=&#8221;&#8221; row_type=&#8221;row&#8221; use_row_as_full_screen_section=&#8221;no&#8221; type=&#8221;full_width&#8221; angled_section=&#8221;no&#8221; text_align=&#8221;left&#8221; background_image_as_pattern=&#8221;without_pattern&#8221;][vc_column][vc_empty_space][\/vc_column][\/vc_row][vc_row css_animation=&#8221;&#8221; row_type=&#8221;row&#8221; use_row_as_full_screen_section=&#8221;no&#8221; type=&#8221;grid&#8221; angled_section=&#8221;no&#8221; text_align=&#8221;left&#8221; background_image_as_pattern=&#8221;without_pattern&#8221; background_color=&#8221;#fffcfc&#8221; border_color=&#8221;#ffffff&#8221; padding_top=&#8221;29&#8243; padding_bottom=&#8221;6&#8243;][vc_column width=&#8221;1\/2&#8243;][vc_column_text]<strong>\u00a0Somos una empresa con m\u00e1s de 35 a\u00f1os de experiencia en el rubro, fotocopiadores inicialmente, que fue evolucionando acompa\u00f1ando el avance de la tecnolog\u00eda de impresi\u00f3n y copiado.<\/strong><\/p>\n<p><strong>\u00a0 \u00a0Contamos con amplia experiencia puesta a su servicio para brindarles las soluciones necesarias para su negocio. Desde un peque\u00f1o puesto de impresi\u00f3n y escaneo, hasta grandes centros de copiado.<\/strong><\/p>\n<p><strong>\u00a0 \u00a0Disponemos de equipos que cubren todas las necesidades. Desde peque\u00f1os multifuncionales e impresoras, hasta equipos de alta rendimiento de escaneo, impresi\u00f3n o copiado. Nuestro foco est\u00e1 puesto principalmente en el servicio, tanto en la venta o alquiler para poder ofrecerle la soluci\u00f3n que uds necestian, como en la postventa para resolver cualquier inconveniente que pueda surgir o cualquier duda que pueda haber en el manejo de los equipos.<\/strong>[\/vc_column_text][vc_separator type=&#8221;normal&#8221;][\/vc_column][vc_column width=&#8221;1\/2&#8243;][vc_empty_space][vc_row_inner row_type=&#8221;row&#8221; type=&#8221;full_width&#8221; text_align=&#8221;left&#8221; css_animation=&#8221;&#8221;][vc_column_inner width=&#8221;1\/2&#8243;]<span data-type=\"normal\"  class=\"qode_icon_shortcode  q_font_awsome_icon fa-4x pull-center \" style=\" \"><i class=\"qode_icon_font_awesome fa fa-shopping-cart qode_icon_element\" style=\"\" ><\/i><\/span>[vc_column_text]<\/p>\n<h4 style=\"text-align: center;\">Alquiler y Venta<\/h4>\n<p>[\/vc_column_text][vc_empty_space][\/vc_column_inner][vc_column_inner width=&#8221;1\/2&#8243;]<span data-type=\"normal\"  class=\"qode_icon_shortcode  q_font_awsome_icon fa-4x pull-center \" style=\" \"><i class=\"qode_icon_font_awesome fa fa-ambulance qode_icon_element\" style=\"\" ><\/i><\/span>[vc_column_text]<\/p>\n<h4 style=\"text-align: center;\">Servicio t\u00e9cnico especializado<\/h4>\n<p>[\/vc_column_text][vc_empty_space][\/vc_column_inner][\/vc_row_inner][vc_row_inner row_type=&#8221;row&#8221; type=&#8221;full_width&#8221; text_align=&#8221;left&#8221; css_animation=&#8221;&#8221;][vc_column_inner width=&#8221;1\/2&#8243;]<span data-type=\"normal\"  class=\"qode_icon_shortcode  q_font_awsome_icon fa-4x pull-center \" style=\" \"><i class=\"qode_icon_font_awesome fa fa-recycle qode_icon_element\" style=\"\" ><\/i><\/span>[vc_column_text]<\/p>\n<h4 style=\"text-align: center;\">Insumos originales<\/h4>\n<p>[\/vc_column_text][\/vc_column_inner][vc_column_inner width=&#8221;1\/2&#8243;]<span data-type=\"normal\"  class=\"qode_icon_shortcode  q_font_awsome_icon fa-4x pull-center \" style=\" \"><i class=\"qode_icon_font_awesome fa fa-cogs qode_icon_element\" style=\"\" ><\/i><\/span>[vc_column_text]<\/p>\n<h4 style=\"text-align: center;\">Repuestos originales<\/h4>\n<p>[\/vc_column_text][\/vc_column_inner][\/vc_row_inner][\/vc_column][\/vc_row][vc_row css_animation=&#8221;&#8221; row_type=&#8221;row&#8221; use_row_as_full_screen_section=&#8221;no&#8221; type=&#8221;grid&#8221; angled_section=&#8221;no&#8221; text_align=&#8221;center&#8221; background_image_as_pattern=&#8221;without_pattern&#8221; padding_top=&#8221;84&#8243; padding_bottom=&#8221;30&#8243;][vc_column][vc_column_text]<\/p>\n<h2 style=\"text-align: center;\">Distribuidores Oficiales de las siguientes marcas<\/h2>\n<p>[\/vc_column_text][vc_single_image image=&#8221;15463&#8243; img_size=&#8221;full&#8221; qode_css_animation=&#8221;&#8221;][\/vc_column][\/vc_row][vc_row css_animation=&#8221;&#8221; row_type=&#8221;row&#8221; use_row_as_full_screen_section=&#8221;no&#8221; type=&#8221;grid&#8221; angled_section=&#8221;no&#8221; text_align=&#8221;center&#8221; background_image_as_pattern=&#8221;without_pattern&#8221; background_color=&#8221;#f1f3f4&#8243; padding_top=&#8221;29&#8243; padding_bottom=&#8221;6&#8243;][vc_column width=&#8221;1\/2&#8243;][vc_separator type=&#8221;transparent&#8221; up=&#8221;7&#8243; down=&#8221;0&#8243;][vc_column_text]<\/p>\n<h2>Por favor envienos su consulta<\/h2>\n<p>[\/vc_column_text][vc_empty_space height=&#8221;74px&#8221;][vc_single_image image=&#8221;15462&#8243; img_size=&#8221;full&#8221; qode_css_animation=&#8221;&#8221;][\/vc_column][vc_column width=&#8221;1\/2&#8243;]<div role=\"form\" class=\"wpcf7\" id=\"wpcf7-f15450-o1\" lang=\"es-ES\" dir=\"ltr\">\n<div class=\"screen-reader-response\"><\/div>\n<form action=\"\/index.php?rest_route=%2Fwp%2Fv2%2Fpages%2F14869#wpcf7-f15450-o1\" method=\"post\" class=\"wpcf7-form default\" novalidate=\"novalidate\">\n<div style=\"display: none;\">\n<input type=\"hidden\" name=\"_wpcf7\" value=\"15450\" \/>\n<input type=\"hidden\" name=\"_wpcf7_version\" value=\"4.9\" \/>\n<input type=\"hidden\" name=\"_wpcf7_locale\" value=\"es_ES\" \/>\n<input type=\"hidden\" name=\"_wpcf7_unit_tag\" value=\"wpcf7-f15450-o1\" \/>\n<input type=\"hidden\" name=\"_wpcf7_container_post\" value=\"0\" \/>\n<\/div>\n<p><label> Nombre (requerido)<br \/>\n    <span class=\"wpcf7-form-control-wrap your-name\"><input type=\"text\" name=\"your-name\" value=\"\" size=\"40\" class=\"wpcf7-form-control wpcf7-text wpcf7-validates-as-required\" aria-required=\"true\" aria-invalid=\"false\" \/><\/span> <\/label><\/p>\n<p><label> Tu correo electr\u00f3nico (requerido)<br \/>\n    <span class=\"wpcf7-form-control-wrap your-email\"><input type=\"email\" name=\"your-email\" value=\"\" size=\"40\" class=\"wpcf7-form-control wpcf7-text wpcf7-email wpcf7-validates-as-required wpcf7-validates-as-email\" aria-required=\"true\" aria-invalid=\"false\" \/><\/span> <\/label><\/p>\n<p><label> Asunto<br \/>\n    <span class=\"wpcf7-form-control-wrap your-subject\"><input type=\"text\" name=\"your-subject\" value=\"\" size=\"40\" class=\"wpcf7-form-control wpcf7-text\" aria-invalid=\"false\" \/><\/span> <\/label><\/p>\n<p><label> Mensaje<br \/>\n    <span class=\"wpcf7-form-control-wrap your-message\"><textarea name=\"your-message\" cols=\"40\" rows=\"10\" class=\"wpcf7-form-control wpcf7-textarea\" aria-invalid=\"false\"><\/textarea><\/span> <\/label><\/p>\n<p><input type=\"submit\" value=\"Enviar\" class=\"wpcf7-form-control wpcf7-submit\" \/><\/p>\n<div class=\"wpcf7-response-output wpcf7-display-none\"><\/div><\/form><\/div>[\/vc_column][\/vc_row][vc_row css_animation=&#8221;&#8221; row_type=&#8221;row&#8221; use_row_as_full_screen_section=&#8221;no&#8221; type=&#8221;full_width&#8221; angled_section=&#8221;no&#8221; text_align=&#8221;left&#8221; background_image_as_pattern=&#8221;without_pattern&#8221; background_color=&#8221;#354256&#8243;][vc_column][vc_row_inner row_type=&#8221;row&#8221; type=&#8221;grid&#8221; text_align=&#8221;left&#8221; css_animation=&#8221;&#8221;][vc_column_inner width=&#8221;3\/12&#8243;][vc_separator type=&#8221;transparent&#8221;][vc_single_image image=&#8221;15556&#8243; img_size=&#8221;medium&#8221; alignment=&#8221;center&#8221; qode_css_animation=&#8221;&#8221;][\/vc_column_inner][vc_column_inner width=&#8221;5\/12&#8243;][vc_separator type=&#8221;transparent&#8221; up=&#8221;38&#8243; down=&#8221;0&#8243;][vc_column_text]<\/p>\n<p style=\"text-align: center;\">Soluciones de impresi\u00f3n<\/p>\n<p>[\/vc_column_text][\/vc_column_inner][vc_column_inner width=&#8221;4\/12&#8243;][vc_separator type=&#8221;transparent&#8221; up=&#8221;25&#8243; down=&#8221;0&#8243;]<span class='q_social_icon_holder square_social' data-color=#a0a4ac data-hover-background-color=#2aaecc data-hover-color=#ffffff><a itemprop='url' href='https:\/\/www.facebook.com\/digicopiers' target='_blank'><span class='fa-stack ' style='background-color: #455163;border-width: 0px;margin: 0 4px 0 0;font-size: 25px;'><i class=\"qode_icon_font_awesome fa fa-facebook \" style=\"color: #a0a4ac;font-size: 22px;\" ><\/i><\/span><\/a><\/span>[\/vc_column_inner][\/vc_row_inner][\/vc_column][\/vc_row]<\/p>\n","protected":false},"excerpt":{"rendered":"<p>[vc_row css_animation=&#8221;&#8221; row_type=&#8221;row&#8221; use_row_as_full_screen_section=&#8221;no&#8221; type=&#8221;full_width&#8221; angled_section=&#8221;no&#8221; text_align=&#8221;left&#8221; background_image_as_pattern=&#8221;without_pattern&#8221;][vc_column][vc_empty_space][\/vc_column][\/vc_row][vc_row css_animation=&#8221;&#8221; row_type=&#8221;row&#8221; use_row_as_full_screen_section=&#8221;no&#8221; type=&#8221;grid&#8221; angled_section=&#8221;no&#8221; text_align=&#8221;left&#8221; background_image_as_pattern=&#8221;without_pattern&#8221; background_color=&#8221;#fffcfc&#8221; border_color=&#8221;#ffffff&#8221; padding_top=&#8221;29&#8243; padding_bottom=&#8221;6&#8243;][vc_column width=&#8221;1\/2&#8243;][vc_column_text]\u00a0Somos una empresa con m\u00e1s de 35 a\u00f1os de experiencia en el rubro, fotocopiadores inicialmente, que fue evolucionando acompa\u00f1ando el avance de la tecnolog\u00eda de impresi\u00f3n&#8230;<\/p>\n","protected":false},"author":1,"featured_media":0,"parent":0,"menu_order":0,"comment_status":"closed","ping_status":"closed","template":"full_width.php","meta":{"footnotes":""},"_links":{"self":[{"href":"https:\/\/copydanweb.com\/index.php?rest_route=\/wp\/v2\/pages\/14869"}],"collection":[{"href":"https:\/\/copydanweb.com\/index.php?rest_route=\/wp\/v2\/pages"}],"about":[{"href":"https:\/\/copydanweb.com\/index.php?rest_route=\/wp\/v2\/types\/page"}],"author":[{"embeddable":true,"href":"https:\/\/copydanweb.com\/index.php?rest_route=\/wp\/v2\/users\/1"}],"replies":[{"embeddable":true,"href":"https:\/\/copydanweb.com\/index.php?rest_route=%2Fwp%2Fv2%2Fcomments&post=14869"}],"version-history":[{"count":20,"href":"https:\/\/copydanweb.com\/index.php?rest_route=\/wp\/v2\/pages\/14869\/revisions"}],"predecessor-version":[{"id":15559,"href":"https:\/\/copydanweb.com\/index.php?rest_route=\/wp\/v2\/pages\/14869\/revisions\/15559"}],"wp:attachment":[{"href":"https:\/\/copydanweb.com\/index.php?rest_route=%2Fwp%2Fv2%2Fmedia&parent=14869"}],"curies":[{"name":"wp","href":"https:\/\/api.w.org\/{rel}","templated":true}]}}